{"id":4378,"date":"2024-01-19T13:55:43","date_gmt":"2024-01-19T13:55:43","guid":{"rendered":"https:\/\/marmolessanvicente.com\/materials\/"},"modified":"2024-03-06T13:26:03","modified_gmt":"2024-03-06T13:26:03","slug":"materials","status":"publish","type":"page","link":"https:\/\/marmolessanvicente.com\/ca\/materials\/","title":{"rendered":"Materials"},"content":{"rendered":"\t\t<div data-elementor-type=\"wp-page\" data-elementor-id=\"4378\" class=\"elementor elementor-4378 elementor-4079\">\n\t\t\t\t\t\t<section class=\"elementor-section elementor-top-section elementor-element elementor-element-a41e2b2 elementor-section-full_width elementor-section-height-default elementor-section-height-default\" data-id=\"a41e2b2\" data-element_type=\"section\">\n\t\t\t\t\t\t<div class=\"elementor-container elementor-column-gap-no\">\n\t\t\t\t\t<div class=\"elementor-column elementor-col-100 elementor-top-column elementor-element elementor-element-97c067e\" data-id=\"97c067e\" data-element_type=\"column\">\n\t\t\t<div class=\"elementor-widget-wrap elementor-element-populated\">\n\t\t\t\t\t\t<div class=\"elementor-element elementor-element-4f6d00e elementor-widget elementor-widget-larson-intro\" data-id=\"4f6d00e\" data-element_type=\"widget\" data-widget_type=\"larson-intro.default\">\n\t\t\t\t<div class=\"elementor-widget-container\">\n\t\t\t\t\t\n\t\t<article class=\"article\">\n\t        <header class=\"article__header\">\n\t          <div class=\"container\">\n\t            \t            <h1 class=\"article__heading heading heading--size-large\">\n\t            \t<span >\n\t\t\t\t\t\t<p>Materials<\/p>\t\t\t\t\t<\/span>\n\t            <\/h1>\n\t            \t            \t          <\/div>\n\t        <\/header>\n\t        \t    <\/article>\n\n\t\t\t\t\t\t<\/div>\n\t\t\t\t<\/div>\n\t\t\t\t\t<\/div>\n\t\t<\/div>\n\t\t\t\t\t<\/div>\n\t\t<\/section>\n\t\t\t\t<section class=\"elementor-section elementor-top-section elementor-element elementor-element-a301033 elementor-section-full_width elementor-section-height-default elementor-section-height-default\" data-id=\"a301033\" data-element_type=\"section\">\n\t\t\t\t\t\t<div class=\"elementor-container elementor-column-gap-no\">\n\t\t\t\t\t<div class=\"elementor-column elementor-col-100 elementor-top-column elementor-element elementor-element-82b94f1\" data-id=\"82b94f1\" data-element_type=\"column\">\n\t\t\t<div class=\"elementor-widget-wrap elementor-element-populated\">\n\t\t\t\t\t\t<div class=\"elementor-element elementor-element-65ce472 elementor-widget elementor-widget-larson-portfolio\" data-id=\"65ce472\" data-element_type=\"widget\" data-widget_type=\"larson-portfolio.default\">\n\t\t\t\t<div class=\"elementor-widget-container\">\n\t\t\t\t\t\n\t\t\n\t\t<div class=\"article__main article__main--width-full container\">\n\n                    <ul class=\"projects-masonry row __js_projects-grid projects-grid-col-4\">\n          \t<li class=\"grid-sizer\"><\/li>\n          \t\n\n<li class=\"projects-masonry__item col-12 col-md-6 col-xl-3 __js_masonry-item __js_marbres __js_materials \">\n  <a class=\"card card--small card--masonry\" href=\"https:\/\/marmolessanvicente.com\/ca\/portfolio\/item\/marbres\/\">\n        <div class=\"card__image\">\n      <img decoding=\"async\" src=\"https:\/\/marmolessanvicente.com\/wp-content\/uploads\/2021\/06\/NATURAMIA.jpg\" alt=\"Marbres\" \/>\n    <\/div>\n        <div class=\"card__content\">\n            <h3 class=\"card__heading\">\n      \tMarbres      <\/h3>\n                  <div class=\"card__bottom\">\n        <span class=\"card__link\">\n          See project          <svg width=\"20\" height=\"20\">\n            <use xlink:href=\"#chevron-right\"><\/use>\n          <\/svg>\n        <\/span>\n      <\/div>\n    <\/div>\n  <\/a>\n<\/li>\n\n<li class=\"projects-masonry__item col-12 col-md-6 col-xl-3 __js_masonry-item __js_granits __js_materials \">\n  <a class=\"card card--small card--masonry\" href=\"https:\/\/marmolessanvicente.com\/ca\/portfolio\/item\/granits\/\">\n        <div class=\"card__image\">\n      <img decoding=\"async\" src=\"https:\/\/marmolessanvicente.com\/wp-content\/uploads\/2021\/06\/Vonita-cocina-Calacatta-Oro-Soft-Touch-copia-900x900.png\" alt=\"Granits\" \/>\n    <\/div>\n        <div class=\"card__content\">\n            <h3 class=\"card__heading\">\n      \tGranits      <\/h3>\n                  <div class=\"card__bottom\">\n        <span class=\"card__link\">\n          See project          <svg width=\"20\" height=\"20\">\n            <use xlink:href=\"#chevron-right\"><\/use>\n          <\/svg>\n        <\/span>\n      <\/div>\n    <\/div>\n  <\/a>\n<\/li>\n\n<li class=\"projects-masonry__item col-12 col-md-6 col-xl-3 __js_masonry-item __js_calcaries-i-arenisques __js_materials \">\n  <a class=\"card card--small card--masonry\" href=\"https:\/\/marmolessanvicente.com\/ca\/portfolio\/item\/calcaries-i-arenisques\/\">\n        <div class=\"card__image\">\n      <img decoding=\"async\" src=\"https:\/\/marmolessanvicente.com\/wp-content\/uploads\/2021\/06\/exteriores-marmoles-san-vicente-1.jpg\" alt=\"Calc\u00e0ries i Arenisques\" \/>\n    <\/div>\n        <div class=\"card__content\">\n            <h3 class=\"card__heading\">\n      \tCalc\u00e0ries i Arenisques      <\/h3>\n                  <div class=\"card__bottom\">\n        <span class=\"card__link\">\n          See project          <svg width=\"20\" height=\"20\">\n            <use xlink:href=\"#chevron-right\"><\/use>\n          <\/svg>\n        <\/span>\n      <\/div>\n    <\/div>\n  <\/a>\n<\/li>\n\n<li class=\"projects-masonry__item col-12 col-md-6 col-xl-3 __js_masonry-item __js_materials __js_quars \">\n  <a class=\"card card--small card--masonry\" href=\"https:\/\/marmolessanvicente.com\/ca\/portfolio\/item\/quars\/\">\n        <div class=\"card__image\">\n      <img decoding=\"async\" src=\"https:\/\/marmolessanvicente.com\/wp-content\/uploads\/2021\/06\/Screenshot_20231002_214537_Drive-900x900.jpg\" alt=\"Quars\" \/>\n    <\/div>\n        <div class=\"card__content\">\n            <h3 class=\"card__heading\">\n      \tQuars      <\/h3>\n                  <div class=\"card__bottom\">\n        <span class=\"card__link\">\n          See project          <svg width=\"20\" height=\"20\">\n            <use xlink:href=\"#chevron-right\"><\/use>\n          <\/svg>\n        <\/span>\n      <\/div>\n    <\/div>\n  <\/a>\n<\/li>\n\n<li class=\"projects-masonry__item col-12 col-md-6 col-xl-3 __js_masonry-item __js_materials __js_porcellanics \">\n  <a class=\"card card--small card--masonry\" href=\"https:\/\/marmolessanvicente.com\/ca\/portfolio\/item\/porcellanics\/\">\n        <div class=\"card__image\">\n      <img decoding=\"async\" src=\"https:\/\/marmolessanvicente.com\/wp-content\/uploads\/2021\/06\/NUVOLATO-NATURAMIA-RRSS-1024x683-1-900x683.jpg\" alt=\"Porcell\u00e0nics\" \/>\n    <\/div>\n        <div class=\"card__content\">\n            <h3 class=\"card__heading\">\n      \tPorcell\u00e0nics      <\/h3>\n                  <div class=\"card__bottom\">\n        <span class=\"card__link\">\n          See project          <svg width=\"20\" height=\"20\">\n            <use xlink:href=\"#chevron-right\"><\/use>\n          <\/svg>\n        <\/span>\n      <\/div>\n    <\/div>\n  <\/a>\n<\/li>          <\/ul>\n\n          \t   \t\t<div class=\"pager\">\n\t    \t\t\t\t\t<\/div>\n\t\t\t\n        <\/div>\n\n\t\t\t\t\t\t<\/div>\n\t\t\t\t<\/div>\n\t\t\t\t\t<\/div>\n\t\t<\/div>\n\t\t\t\t\t<\/div>\n\t\t<\/section>\n\t\t\t\t<\/div>\n\t\t","protected":false},"excerpt":{"rendered":"<p>Materials M\u00e1rmoles El m\u00e1rmol es una piedra de gran calidez con una extensa gama de materiales acorde al cromatismo que ofrece la naturaleza. Los diferentes acabados y texturas de esta colecci\u00f3n le confieren una gran personalidad y permiten su aplicaci\u00f3n en m\u00faltiples ambientes, siendo un material id\u00f3neo para la decoraci\u00f3n&#8230; <\/p>\n<div class=\"readmore\"><a href=\"https:\/\/marmolessanvicente.com\/ca\/portfolio\/item\/porcellanics\/\" class=\"btn-link\">Read more<\/a><\/div>\n","protected":false},"author":2,"featured_media":0,"parent":0,"menu_order":400,"comment_status":"closed","ping_status":"closed","template":"template-elementor-default.php","meta":{"footnotes":"","_joinchat":[]},"acf":[],"yoast_head":"<!-- This site is optimized with the Yoast SEO plugin v22.2 - https:\/\/yoast.com\/wordpress\/plugins\/seo\/ -->\n<title>Materials - M&amp;G San Vicente, S.L.<\/title>\n<meta name=\"robots\" content=\"index, follow, max-snippet:-1, max-image-preview:large, max-video-preview:-1\" \/>\n<link rel=\"canonical\" href=\"https:\/\/marmolessanvicente.com\/ca\/materials\/\" \/>\n<meta property=\"og:locale\" content=\"ca_ES\" \/>\n<meta property=\"og:type\" content=\"article\" \/>\n<meta property=\"og:title\" content=\"Materials - M&amp;G San Vicente, S.L.\" \/>\n<meta property=\"og:description\" content=\"Materials M\u00e1rmoles El m\u00e1rmol es una piedra de gran calidez con una extensa gama de materiales acorde al cromatismo que ofrece la naturaleza. Los diferentes acabados y texturas de esta colecci\u00f3n le confieren una gran personalidad y permiten su aplicaci\u00f3n en m\u00faltiples ambientes, siendo un material id\u00f3neo para la decoraci\u00f3n... Read more\" \/>\n<meta property=\"og:url\" content=\"https:\/\/marmolessanvicente.com\/ca\/materials\/\" \/>\n<meta property=\"og:site_name\" content=\"M&amp;G San Vicente, S.L.\" \/>\n<meta property=\"article:modified_time\" content=\"2024-03-06T13:26:03+00:00\" \/>\n<meta property=\"og:image\" content=\"https:\/\/marmolessanvicente.com\/wp-content\/uploads\/2021\/06\/NATURAMIA.jpg\" \/>\n<meta name=\"twitter:card\" content=\"summary_large_image\" \/>\n<meta name=\"twitter:label1\" content=\"Temps estimat de lectura\" \/>\n\t<meta name=\"twitter:data1\" content=\"2 minuts\" \/>\n<script type=\"application\/ld+json\" class=\"yoast-schema-graph\">{\"@context\":\"https:\/\/schema.org\",\"@graph\":[{\"@type\":\"WebPage\",\"@id\":\"https:\/\/marmolessanvicente.com\/ca\/materials\/\",\"url\":\"https:\/\/marmolessanvicente.com\/ca\/materials\/\",\"name\":\"Materials - M&amp;G San Vicente, S.L.\",\"isPartOf\":{\"@id\":\"https:\/\/marmolessanvicente.com\/ca\/#website\"},\"primaryImageOfPage\":{\"@id\":\"https:\/\/marmolessanvicente.com\/ca\/materials\/#primaryimage\"},\"image\":{\"@id\":\"https:\/\/marmolessanvicente.com\/ca\/materials\/#primaryimage\"},\"thumbnailUrl\":\"https:\/\/marmolessanvicente.com\/wp-content\/uploads\/2021\/06\/NATURAMIA.jpg\",\"datePublished\":\"2024-01-19T13:55:43+00:00\",\"dateModified\":\"2024-03-06T13:26:03+00:00\",\"breadcrumb\":{\"@id\":\"https:\/\/marmolessanvicente.com\/ca\/materials\/#breadcrumb\"},\"inLanguage\":\"ca\",\"potentialAction\":[{\"@type\":\"ReadAction\",\"target\":[\"https:\/\/marmolessanvicente.com\/ca\/materials\/\"]}]},{\"@type\":\"ImageObject\",\"inLanguage\":\"ca\",\"@id\":\"https:\/\/marmolessanvicente.com\/ca\/materials\/#primaryimage\",\"url\":\"https:\/\/marmolessanvicente.com\/wp-content\/uploads\/2021\/06\/NATURAMIA.jpg\",\"contentUrl\":\"https:\/\/marmolessanvicente.com\/wp-content\/uploads\/2021\/06\/NATURAMIA.jpg\",\"width\":601,\"height\":684},{\"@type\":\"BreadcrumbList\",\"@id\":\"https:\/\/marmolessanvicente.com\/ca\/materials\/#breadcrumb\",\"itemListElement\":[{\"@type\":\"ListItem\",\"position\":1,\"name\":\"Portada\",\"item\":\"https:\/\/marmolessanvicente.com\/ca\/inici\/\"},{\"@type\":\"ListItem\",\"position\":2,\"name\":\"Materials\"}]},{\"@type\":\"WebSite\",\"@id\":\"https:\/\/marmolessanvicente.com\/ca\/#website\",\"url\":\"https:\/\/marmolessanvicente.com\/ca\/\",\"name\":\"M&amp;G San Vicente, S.L.\",\"description\":\"\",\"publisher\":{\"@id\":\"https:\/\/marmolessanvicente.com\/ca\/#organization\"},\"potentialAction\":[{\"@type\":\"SearchAction\",\"target\":{\"@type\":\"EntryPoint\",\"urlTemplate\":\"https:\/\/marmolessanvicente.com\/ca\/?s={search_term_string}\"},\"query-input\":\"required name=search_term_string\"}],\"inLanguage\":\"ca\"},{\"@type\":\"Organization\",\"@id\":\"https:\/\/marmolessanvicente.com\/ca\/#organization\",\"name\":\"M&amp;G San Vicente, S.L.\",\"url\":\"https:\/\/marmolessanvicente.com\/ca\/\",\"logo\":{\"@type\":\"ImageObject\",\"inLanguage\":\"ca\",\"@id\":\"https:\/\/marmolessanvicente.com\/ca\/#\/schema\/logo\/image\/\",\"url\":\"https:\/\/marmolessanvicente.com\/wp-content\/uploads\/2021\/07\/marmoles-logo.jpg\",\"contentUrl\":\"https:\/\/marmolessanvicente.com\/wp-content\/uploads\/2021\/07\/marmoles-logo.jpg\",\"width\":717,\"height\":225,\"caption\":\"M&amp;G San Vicente, S.L.\"},\"image\":{\"@id\":\"https:\/\/marmolessanvicente.com\/ca\/#\/schema\/logo\/image\/\"}}]}<\/script>\n<!-- \/ Yoast SEO plugin. -->","yoast_head_json":{"title":"Materials - M&amp;G San Vicente, S.L.","robots":{"index":"index","follow":"follow","max-snippet":"max-snippet:-1","max-image-preview":"max-image-preview:large","max-video-preview":"max-video-preview:-1"},"canonical":"https:\/\/marmolessanvicente.com\/ca\/materials\/","og_locale":"ca_ES","og_type":"article","og_title":"Materials - M&amp;G San Vicente, S.L.","og_description":"Materials M\u00e1rmoles El m\u00e1rmol es una piedra de gran calidez con una extensa gama de materiales acorde al cromatismo que ofrece la naturaleza. Los diferentes acabados y texturas de esta colecci\u00f3n le confieren una gran personalidad y permiten su aplicaci\u00f3n en m\u00faltiples ambientes, siendo un material id\u00f3neo para la decoraci\u00f3n... Read more","og_url":"https:\/\/marmolessanvicente.com\/ca\/materials\/","og_site_name":"M&amp;G San Vicente, S.L.","article_modified_time":"2024-03-06T13:26:03+00:00","og_image":[{"url":"https:\/\/marmolessanvicente.com\/wp-content\/uploads\/2021\/06\/NATURAMIA.jpg"}],"twitter_card":"summary_large_image","twitter_misc":{"Temps estimat de lectura":"2 minuts"},"schema":{"@context":"https:\/\/schema.org","@graph":[{"@type":"WebPage","@id":"https:\/\/marmolessanvicente.com\/ca\/materials\/","url":"https:\/\/marmolessanvicente.com\/ca\/materials\/","name":"Materials - M&amp;G San Vicente, S.L.","isPartOf":{"@id":"https:\/\/marmolessanvicente.com\/ca\/#website"},"primaryImageOfPage":{"@id":"https:\/\/marmolessanvicente.com\/ca\/materials\/#primaryimage"},"image":{"@id":"https:\/\/marmolessanvicente.com\/ca\/materials\/#primaryimage"},"thumbnailUrl":"https:\/\/marmolessanvicente.com\/wp-content\/uploads\/2021\/06\/NATURAMIA.jpg","datePublished":"2024-01-19T13:55:43+00:00","dateModified":"2024-03-06T13:26:03+00:00","breadcrumb":{"@id":"https:\/\/marmolessanvicente.com\/ca\/materials\/#breadcrumb"},"inLanguage":"ca","potentialAction":[{"@type":"ReadAction","target":["https:\/\/marmolessanvicente.com\/ca\/materials\/"]}]},{"@type":"ImageObject","inLanguage":"ca","@id":"https:\/\/marmolessanvicente.com\/ca\/materials\/#primaryimage","url":"https:\/\/marmolessanvicente.com\/wp-content\/uploads\/2021\/06\/NATURAMIA.jpg","contentUrl":"https:\/\/marmolessanvicente.com\/wp-content\/uploads\/2021\/06\/NATURAMIA.jpg","width":601,"height":684},{"@type":"BreadcrumbList","@id":"https:\/\/marmolessanvicente.com\/ca\/materials\/#breadcrumb","itemListElement":[{"@type":"ListItem","position":1,"name":"Portada","item":"https:\/\/marmolessanvicente.com\/ca\/inici\/"},{"@type":"ListItem","position":2,"name":"Materials"}]},{"@type":"WebSite","@id":"https:\/\/marmolessanvicente.com\/ca\/#website","url":"https:\/\/marmolessanvicente.com\/ca\/","name":"M&amp;G San Vicente, S.L.","description":"","publisher":{"@id":"https:\/\/marmolessanvicente.com\/ca\/#organization"},"potentialAction":[{"@type":"SearchAction","target":{"@type":"EntryPoint","urlTemplate":"https:\/\/marmolessanvicente.com\/ca\/?s={search_term_string}"},"query-input":"required name=search_term_string"}],"inLanguage":"ca"},{"@type":"Organization","@id":"https:\/\/marmolessanvicente.com\/ca\/#organization","name":"M&amp;G San Vicente, S.L.","url":"https:\/\/marmolessanvicente.com\/ca\/","logo":{"@type":"ImageObject","inLanguage":"ca","@id":"https:\/\/marmolessanvicente.com\/ca\/#\/schema\/logo\/image\/","url":"https:\/\/marmolessanvicente.com\/wp-content\/uploads\/2021\/07\/marmoles-logo.jpg","contentUrl":"https:\/\/marmolessanvicente.com\/wp-content\/uploads\/2021\/07\/marmoles-logo.jpg","width":717,"height":225,"caption":"M&amp;G San Vicente, S.L."},"image":{"@id":"https:\/\/marmolessanvicente.com\/ca\/#\/schema\/logo\/image\/"}}]}},"_links":{"self":[{"href":"https:\/\/marmolessanvicente.com\/ca\/wp-json\/wp\/v2\/pages\/4378"}],"collection":[{"href":"https:\/\/marmolessanvicente.com\/ca\/wp-json\/wp\/v2\/pages"}],"about":[{"href":"https:\/\/marmolessanvicente.com\/ca\/wp-json\/wp\/v2\/types\/page"}],"author":[{"embeddable":true,"href":"https:\/\/marmolessanvicente.com\/ca\/wp-json\/wp\/v2\/users\/2"}],"replies":[{"embeddable":true,"href":"https:\/\/marmolessanvicente.com\/ca\/wp-json\/wp\/v2\/comments?post=4378"}],"version-history":[{"count":1,"href":"https:\/\/marmolessanvicente.com\/ca\/wp-json\/wp\/v2\/pages\/4378\/revisions"}],"predecessor-version":[{"id":4380,"href":"https:\/\/marmolessanvicente.com\/ca\/wp-json\/wp\/v2\/pages\/4378\/revisions\/4380"}],"wp:attachment":[{"href":"https:\/\/marmolessanvicente.com\/ca\/wp-json\/wp\/v2\/media?parent=4378"}],"curies":[{"name":"wp","href":"https:\/\/api.w.org\/{rel}","templated":true}]}}